{"id":76,"date":"2020-10-07T11:07:02","date_gmt":"2020-10-07T11:07:02","guid":{"rendered":"https:\/\/themes.muffingroup.com\/be\/media2\/?page_id=11"},"modified":"2024-03-01T14:41:48","modified_gmt":"2024-03-01T13:41:48","slug":"oferta","status":"publish","type":"page","link":"https:\/\/hzd.biz\/pl\/oferta\/","title":{"rendered":"Oferta"},"content":{"rendered":"\t\t<div data-elementor-type=\"wp-page\" data-elementor-id=\"76\" class=\"elementor elementor-76\">\n\t\t\t\t\t\t<section class=\"elementor-section elementor-top-section elementor-element elementor-element-144a026 elementor-section-height-full elementor-section-stretched elementor-section-boxed elementor-section-height-default elementor-section-items-middle\" data-id=\"144a026\" data-element_type=\"section\" data-settings=\"{&quot;stretch_section&quot;:&quot;section-stretched&quot;,&quot;background_background&quot;:&quot;video&quot;,&quot;background_video_link&quot;:&quot;https:\\\/\\\/hzd.biz\\\/wp-content\\\/uploads\\\/2024\\\/03\\\/oferta-hzd.mp4&quot;,&quot;background_play_on_mobile&quot;:&quot;yes&quot;}\">\n\t\t\t\t\t\t\t\t<div class=\"elementor-background-video-container\">\n\t\t\t\t\t\t\t\t\t\t\t\t\t<video class=\"elementor-background-video-hosted elementor-html5-video\" autoplay muted playsinline loop><\/video>\n\t\t\t\t\t\t\t\t\t\t\t<\/div>\n\t\t\t\t\t\t\t\t\t<div class=\"elementor-background-overlay\"><\/div>\n\t\t\t\t\t\t\t<div class=\"elementor-container elementor-column-gap-wider\">\n\t\t\t\t\t<div class=\"elementor-column elementor-col-100 elementor-top-column elementor-element elementor-element-0d6cd59\" data-id=\"0d6cd59\" data-element_type=\"column\">\n\t\t\t<div class=\"elementor-widget-wrap elementor-element-populated\">\n\t\t\t\t\t\t<div class=\"elementor-element elementor-element-ab89d22 elementor-widget elementor-widget-text-editor\" data-id=\"ab89d22\" data-element_type=\"widget\" data-widget_type=\"text-editor.default\">\n\t\t\t\t<div class=\"elementor-widget-container\">\n\t\t\t<style>\/*! elementor - v3.19.0 - 28-02-2024 *\/\n.elementor-widget-text-editor.elementor-drop-cap-view-stacked .elementor-drop-cap{background-color:#69727d;color:#fff}.elementor-widget-text-editor.elementor-drop-cap-view-framed .elementor-drop-cap{color:#69727d;border:3px solid;background-color:transparent}.elementor-widget-text-editor:not(.elementor-drop-cap-view-default) .elementor-drop-cap{margin-top:8px}.elementor-widget-text-editor:not(.elementor-drop-cap-view-default) .elementor-drop-cap-letter{width:1em;height:1em}.elementor-widget-text-editor .elementor-drop-cap{float:left;text-align:center;line-height:1;font-size:50px}.elementor-widget-text-editor .elementor-drop-cap-letter{display:inline-block}<\/style>\t\t\t\t<h1 style=\"color: #f5dddd;\"><span style=\"margin-left: -20%;\">Nie tylko<\/span><br \/><span style=\"margin-right: -20%;\">produkty<\/span><\/h1>\t\t\t\t\t\t<\/div>\n\t\t\t\t<\/div>\n\t\t\t\t\t<\/div>\n\t\t<\/div>\n\t\t\t\t\t<\/div>\n\t\t<\/section>\n\t\t\t\t<section class=\"elementor-section elementor-top-section elementor-element elementor-element-6398f27 elementor-section-stretched elementor-section-boxed elementor-section-height-default elementor-section-height-default\" data-id=\"6398f27\" data-element_type=\"section\" data-settings=\"{&quot;stretch_section&quot;:&quot;section-stretched&quot;}\">\n\t\t\t\t\t\t<div class=\"elementor-container elementor-column-gap-wider\">\n\t\t\t\t\t<div class=\"elementor-column elementor-col-100 elementor-top-column elementor-element elementor-element-19f3f0c\" data-id=\"19f3f0c\" data-element_type=\"column\">\n\t\t\t<div class=\"elementor-widget-wrap elementor-element-populated\">\n\t\t\t\t\t\t<div class=\"elementor-element elementor-element-210f58b elementor-invisible elementor-widget elementor-widget-text-editor\" data-id=\"210f58b\" data-element_type=\"widget\" data-settings=\"{&quot;_animation&quot;:&quot;fadeInDown&quot;}\" data-widget_type=\"text-editor.default\">\n\t\t\t\t<div class=\"elementor-widget-container\">\n\t\t\t\t\t\t\t<h2>Mo\u017cemy nie tylko dostarcza\u0107 towary, ale tak\u017ce \u015bwiadczy\u0107 us\u0142ugi!<\/h2>\t\t\t\t\t\t<\/div>\n\t\t\t\t<\/div>\n\t\t\t\t<div class=\"elementor-element elementor-element-0299785 elementor-invisible elementor-widget elementor-widget-text-editor\" data-id=\"0299785\" data-element_type=\"widget\" data-settings=\"{&quot;_animation&quot;:&quot;fadeIn&quot;}\" data-widget_type=\"text-editor.default\">\n\t\t\t\t<div class=\"elementor-widget-container\">\n\t\t\t\t\t\t\t<p>Nasza og\u00f3lno\u015bwiatowa sie\u0107 obejmuje relacje z producentami, dystrybutorami franczyzowymi i niezale\u017cnymi dystrybutorami.\u00a0<\/p><p><span style=\"letter-spacing: 0px;\">Posiadamy du\u017ce portfolio dost\u0119pnych komponent\u00f3w aktywnych i pasywnych oraz ca\u0142ych zespo\u0142\u00f3w i urz\u0105dze\u0144.\u00a0<\/span><\/p>\t\t\t\t\t\t<\/div>\n\t\t\t\t<\/div>\n\t\t\t\t<div class=\"elementor-element elementor-element-5ff8aab elementor-invisible elementor-widget elementor-widget-text-editor\" data-id=\"5ff8aab\" data-element_type=\"widget\" data-settings=\"{&quot;_animation&quot;:&quot;fadeIn&quot;}\" data-widget_type=\"text-editor.default\">\n\t\t\t\t<div class=\"elementor-widget-container\">\n\t\t\t\t\t\t\t<p>Niezale\u017cnie od tego, czy produkt jest trudny do znalezienia, przestarza\u0142y, czy wycofany z eksploatacji, HZD GmbH ma kontakty i zaopatrzenie, aby znale\u017a\u0107 i dostarczy\u0107 odpowiednie cz\u0119\u015bci do naszych klient\u00f3w w odpowiednim czasie, a wszystko to po konkurencyjnych cenach.<\/p>\t\t\t\t\t\t<\/div>\n\t\t\t\t<\/div>\n\t\t\t\t\t<\/div>\n\t\t<\/div>\n\t\t\t\t\t<\/div>\n\t\t<\/section>\n\t\t\t\t<section class=\"elementor-section elementor-top-section elementor-element elementor-element-6a4c46a elementor-section-stretched elementor-section-boxed elementor-section-height-default elementor-section-height-default\" data-id=\"6a4c46a\" data-element_type=\"section\" data-settings=\"{&quot;stretch_section&quot;:&quot;section-stretched&quot;}\">\n\t\t\t\t\t\t<div class=\"elementor-container elementor-column-gap-wider\">\n\t\t\t\t\t<div class=\"elementor-column elementor-col-50 elementor-top-column elementor-element elementor-element-2f968cc\" data-id=\"2f968cc\" data-element_type=\"column\">\n\t\t\t<div class=\"elementor-widget-wrap elementor-element-populated\">\n\t\t\t\t\t\t<div class=\"elementor-element elementor-element-6c86364 elementor-widget elementor-widget-image\" data-id=\"6c86364\" data-element_type=\"widget\" data-widget_type=\"image.default\">\n\t\t\t\t<div class=\"elementor-widget-container\">\n\t\t\t<style>\/*! elementor - v3.19.0 - 28-02-2024 *\/\n.elementor-widget-image{text-align:center}.elementor-widget-image a{display:inline-block}.elementor-widget-image a img[src$=\".svg\"]{width:48px}.elementor-widget-image img{vertical-align:middle;display:inline-block}<\/style>\t\t\t\t\t\t\t\t\t\t<img decoding=\"async\" width=\"200\" height=\"200\" src=\"https:\/\/hzd.biz\/wp-content\/uploads\/2020\/10\/media2-home-icon1.png\" class=\"attachment-large size-large wp-image-24\" alt=\"\" srcset=\"https:\/\/hzd.biz\/wp-content\/uploads\/2020\/10\/media2-home-icon1.png 200w, https:\/\/hzd.biz\/wp-content\/uploads\/2020\/10\/media2-home-icon1-150x150.png 150w, https:\/\/hzd.biz\/wp-content\/uploads\/2020\/10\/media2-home-icon1-75x75.png 75w\" sizes=\"(max-width:767px) 200px, 200px\" \/>\t\t\t\t\t\t\t\t\t\t\t\t\t<\/div>\n\t\t\t\t<\/div>\n\t\t\t\t\t<\/div>\n\t\t<\/div>\n\t\t\t\t<div class=\"elementor-column elementor-col-50 elementor-top-column elementor-element elementor-element-62a81e4\" data-id=\"62a81e4\" data-element_type=\"column\">\n\t\t\t<div class=\"elementor-widget-wrap elementor-element-populated\">\n\t\t\t\t\t\t<div class=\"elementor-element elementor-element-54b2d2e elementor-widget elementor-widget-text-editor\" data-id=\"54b2d2e\" data-element_type=\"widget\" data-widget_type=\"text-editor.default\">\n\t\t\t\t<div class=\"elementor-widget-container\">\n\t\t\t\t\t\t\t<h4>Nasza strona Sprzeda\u017cowa<\/h4><ul><li>obs\u0142uga zam\u00f3wie\u0144 ramowych, w kt\u00f3rych zapewniamy pokrycie zapotrzebowania na kilka miesi\u0119cy lub rok naprz\u00f3d<\/li><li><span style=\"letter-spacing: 0px;\">wspieranie Klient\u00f3w w realizacji projekt\u00f3w ewaluacyjnych<\/span><\/li><li>kwotacje, dostawy pr\u00f3bek dla nowych element\u00f3w oraz produkcji prototyp\u00f3w<\/li><li>kwotacje i wspieranie zakup\u00f3w awaryjnych<\/li><li>komponenty alternatywne, rzadkie oraz wycofane z produkcji<\/li><\/ul>\t\t\t\t\t\t<\/div>\n\t\t\t\t<\/div>\n\t\t\t\t\t<\/div>\n\t\t<\/div>\n\t\t\t\t\t<\/div>\n\t\t<\/section>\n\t\t\t\t<section class=\"elementor-section elementor-top-section elementor-element elementor-element-25686a6 elementor-section-stretched elementor-section-boxed elementor-section-height-default elementor-section-height-default\" data-id=\"25686a6\" data-element_type=\"section\" data-settings=\"{&quot;stretch_section&quot;:&quot;section-stretched&quot;}\">\n\t\t\t\t\t\t<div class=\"elementor-container elementor-column-gap-wider\">\n\t\t\t\t\t<div class=\"elementor-column elementor-col-50 elementor-top-column elementor-element elementor-element-d49d396\" data-id=\"d49d396\" data-element_type=\"column\">\n\t\t\t<div class=\"elementor-widget-wrap elementor-element-populated\">\n\t\t\t\t\t\t<div class=\"elementor-element elementor-element-c0e32c6 elementor-widget elementor-widget-image\" data-id=\"c0e32c6\" data-element_type=\"widget\" data-widget_type=\"image.default\">\n\t\t\t\t<div class=\"elementor-widget-container\">\n\t\t\t\t\t\t\t\t\t\t\t\t\t<img decoding=\"async\" width=\"200\" height=\"200\" src=\"https:\/\/hzd.biz\/wp-content\/uploads\/2020\/10\/media2-home-icon2.png\" class=\"attachment-large size-large wp-image-25\" alt=\"\" srcset=\"https:\/\/hzd.biz\/wp-content\/uploads\/2020\/10\/media2-home-icon2.png 200w, https:\/\/hzd.biz\/wp-content\/uploads\/2020\/10\/media2-home-icon2-150x150.png 150w, https:\/\/hzd.biz\/wp-content\/uploads\/2020\/10\/media2-home-icon2-75x75.png 75w\" sizes=\"(max-width:767px) 200px, 200px\" \/>\t\t\t\t\t\t\t\t\t\t\t\t\t<\/div>\n\t\t\t\t<\/div>\n\t\t\t\t\t<\/div>\n\t\t<\/div>\n\t\t\t\t<div class=\"elementor-column elementor-col-50 elementor-top-column elementor-element elementor-element-93432f0\" data-id=\"93432f0\" data-element_type=\"column\">\n\t\t\t<div class=\"elementor-widget-wrap elementor-element-populated\">\n\t\t\t\t\t\t<div class=\"elementor-element elementor-element-2a16def elementor-widget elementor-widget-text-editor\" data-id=\"2a16def\" data-element_type=\"widget\" data-widget_type=\"text-editor.default\">\n\t\t\t\t<div class=\"elementor-widget-container\">\n\t\t\t\t\t\t\t<h4>Nasza strona Zakupowa<\/h4><p>Obecnie mamy na sk\u0142adzie kilka tysi\u0119cy pozycji element\u00f3w elektronicznych. Nasze wsparcie dla Pa\u0144stwa od strony zakupowej to:<\/p><ul><li>zakupy awaryjne dla pokrycia bie\u017c\u0105cych zapotrzebowa\u0144<\/li><li>uzyskanie najlepszych mo\u017cliwych cen dla ka\u017cdego komponentu poprzez wypracowane relacje z wi\u0119kszo\u015bci\u0105 naszych dostawc\u00f3w, zar\u00f3wno krajowych, jak i mi\u0119dzynarodowych<\/li><li>dostawy potrzebnych produkt\u00f3w \u201ejust in time\u201d<\/li><li>zapewnianie dost\u0119pno\u015bci produkt\u00f3w w lokalizacjach na ca\u0142ym \u015bwiecie<\/li><li>pomoc i rozwi\u0105zania w redukowaniu nadmiernych zapas\u00f3w magazynowych<\/li><li>bycie partnerem outsourcingowym\u00a0<\/li><\/ul>\t\t\t\t\t\t<\/div>\n\t\t\t\t<\/div>\n\t\t\t\t\t<\/div>\n\t\t<\/div>\n\t\t\t\t\t<\/div>\n\t\t<\/section>\n\t\t\t\t<section class=\"elementor-section elementor-top-section elementor-element elementor-element-30d4b66 elementor-section-stretched elementor-section-full_width elementor-section-height-default elementor-section-height-default\" data-id=\"30d4b66\" data-element_type=\"section\" data-settings=\"{&quot;stretch_section&quot;:&quot;section-stretched&quot;}\">\n\t\t\t\t\t\t<div class=\"elementor-container elementor-column-gap-no\">\n\t\t\t\t\t<div class=\"elementor-column elementor-col-100 elementor-top-column elementor-element elementor-element-4574a59\" data-id=\"4574a59\" data-element_type=\"column\">\n\t\t\t<div class=\"elementor-widget-wrap elementor-element-populated\">\n\t\t\t\t\t\t<div class=\"elementor-element elementor-element-66331b1 elementor-widget elementor-widget-video\" data-id=\"66331b1\" data-element_type=\"widget\" data-settings=\"{&quot;video_type&quot;:&quot;hosted&quot;,&quot;autoplay&quot;:&quot;yes&quot;,&quot;loop&quot;:&quot;yes&quot;,&quot;play_on_mobile&quot;:&quot;yes&quot;}\" data-widget_type=\"video.default\">\n\t\t\t\t<div class=\"elementor-widget-container\">\n\t\t\t<style>\/*! elementor - v3.19.0 - 28-02-2024 *\/\n.elementor-widget-video .elementor-widget-container{overflow:hidden;transform:translateZ(0)}.elementor-widget-video .elementor-wrapper{aspect-ratio:var(--video-aspect-ratio)}.elementor-widget-video .elementor-wrapper iframe,.elementor-widget-video .elementor-wrapper video{height:100%;width:100%;display:flex;border:none;background-color:#000}@supports not (aspect-ratio:1\/1){.elementor-widget-video .elementor-wrapper{position:relative;overflow:hidden;height:0;padding-bottom:calc(100% \/ var(--video-aspect-ratio))}.elementor-widget-video .elementor-wrapper iframe,.elementor-widget-video .elementor-wrapper video{position:absolute;top:0;right:0;bottom:0;left:0}}.elementor-widget-video .elementor-open-inline .elementor-custom-embed-image-overlay{position:absolute;top:0;right:0;bottom:0;left:0;background-size:cover;background-position:50%}.elementor-widget-video .elementor-custom-embed-image-overlay{cursor:pointer;text-align:center}.elementor-widget-video .elementor-custom-embed-image-overlay:hover .elementor-custom-embed-play i{opacity:1}.elementor-widget-video .elementor-custom-embed-image-overlay img{display:block;width:100%;aspect-ratio:var(--video-aspect-ratio);-o-object-fit:cover;object-fit:cover;-o-object-position:center center;object-position:center center}@supports not (aspect-ratio:1\/1){.elementor-widget-video .elementor-custom-embed-image-overlay{position:relative;overflow:hidden;height:0;padding-bottom:calc(100% \/ var(--video-aspect-ratio))}.elementor-widget-video .elementor-custom-embed-image-overlay img{position:absolute;top:0;right:0;bottom:0;left:0}}.elementor-widget-video .e-hosted-video .elementor-video{-o-object-fit:cover;object-fit:cover}.e-con-inner>.elementor-widget-video,.e-con>.elementor-widget-video{width:var(--container-widget-width);--flex-grow:var(--container-widget-flex-grow)}<\/style>\t\t<div class=\"e-hosted-video elementor-wrapper elementor-open-inline\">\n\t\t\t\t\t<video class=\"elementor-video\" src=\"https:\/\/hzd.biz\/wp-content\/uploads\/2024\/03\/uslugi-hzd.mp4\" autoplay=\"\" loop=\"\" playsinline=\"\" controlsList=\"nodownload\"><\/video>\n\t\t\t\t<\/div>\n\t\t\t\t<\/div>\n\t\t\t\t<\/div>\n\t\t\t\t\t<\/div>\n\t\t<\/div>\n\t\t\t\t\t<\/div>\n\t\t<\/section>\n\t\t\t\t<section class=\"elementor-section elementor-top-section elementor-element elementor-element-75986ec elementor-section-stretched elementor-section-boxed elementor-section-height-default elementor-section-height-default\" data-id=\"75986ec\" data-element_type=\"section\" data-settings=\"{&quot;stretch_section&quot;:&quot;section-stretched&quot;}\">\n\t\t\t\t\t\t<div class=\"elementor-container elementor-column-gap-wider\">\n\t\t\t\t\t<div class=\"elementor-column elementor-col-50 elementor-top-column elementor-element elementor-element-ae81e3d\" data-id=\"ae81e3d\" data-element_type=\"column\">\n\t\t\t<div class=\"elementor-widget-wrap elementor-element-populated\">\n\t\t\t\t\t\t<div class=\"elementor-element elementor-element-5ce65ae elementor-widget elementor-widget-image\" data-id=\"5ce65ae\" data-element_type=\"widget\" data-widget_type=\"image.default\">\n\t\t\t\t<div class=\"elementor-widget-container\">\n\t\t\t\t\t\t\t\t\t\t\t\t\t<img decoding=\"async\" width=\"163\" height=\"230\" src=\"https:\/\/hzd.biz\/wp-content\/uploads\/2020\/10\/media2-pic3.png\" class=\"attachment-large size-large wp-image-58\" alt=\"\" srcset=\"https:\/\/hzd.biz\/wp-content\/uploads\/2020\/10\/media2-pic3.png 163w, https:\/\/hzd.biz\/wp-content\/uploads\/2020\/10\/media2-pic3-53x75.png 53w\" sizes=\"(max-width:767px) 163px, 163px\" \/>\t\t\t\t\t\t\t\t\t\t\t\t\t<\/div>\n\t\t\t\t<\/div>\n\t\t\t\t\t<\/div>\n\t\t<\/div>\n\t\t\t\t<div class=\"elementor-column elementor-col-50 elementor-top-column elementor-element elementor-element-8f328d8\" data-id=\"8f328d8\" data-element_type=\"column\">\n\t\t\t<div class=\"elementor-widget-wrap elementor-element-populated\">\n\t\t\t\t\t\t<div class=\"elementor-element elementor-element-8d84277 elementor-widget elementor-widget-text-editor\" data-id=\"8d84277\" data-element_type=\"widget\" data-widget_type=\"text-editor.default\">\n\t\t\t\t<div class=\"elementor-widget-container\">\n\t\t\t\t\t\t\t<h4>Jeste\u015b zainteresowany<br \/>wsp\u00f3\u0142prac\u0105 z nami?<\/h4>\t\t\t\t\t\t<\/div>\n\t\t\t\t<\/div>\n\t\t\t\t<section class=\"elementor-section elementor-inner-section elementor-element elementor-element-8a06ff1 elementor-section-boxed elementor-section-height-default elementor-section-height-default\" data-id=\"8a06ff1\" data-element_type=\"section\">\n\t\t\t\t\t\t<div class=\"elementor-container elementor-column-gap-default\">\n\t\t\t\t\t<div class=\"elementor-column elementor-col-100 elementor-inner-column elementor-element elementor-element-41c0b83\" data-id=\"41c0b83\" data-element_type=\"column\">\n\t\t\t<div class=\"elementor-widget-wrap elementor-element-populated\">\n\t\t\t\t\t\t<div class=\"elementor-element elementor-element-6984bb6 elementor-align-left elementor-widget elementor-widget-button\" data-id=\"6984bb6\" data-element_type=\"widget\" data-widget_type=\"button.default\">\n\t\t\t\t<div class=\"elementor-widget-container\">\n\t\t\t\t\t<div class=\"elementor-button-wrapper\">\n\t\t\t<a class=\"elementor-button elementor-button-link elementor-size-sm\" href=\"https:\/\/hzd.biz\/kontakt\">\n\t\t\t\t\t\t<span class=\"elementor-button-content-wrapper\">\n\t\t\t\t\t\t<span class=\"elementor-button-text\">SKONTAKTUJ SI\u0118<\/span>\n\t\t<\/span>\n\t\t\t\t\t<\/a>\n\t\t<\/div>\n\t\t\t\t<\/div>\n\t\t\t\t<\/div>\n\t\t\t\t\t<\/div>\n\t\t<\/div>\n\t\t\t\t\t<\/div>\n\t\t<\/section>\n\t\t\t\t\t<\/div>\n\t\t<\/div>\n\t\t\t\t\t<\/div>\n\t\t<\/section>\n\t\t\t\t<\/div>\n\t\t","protected":false},"excerpt":{"rendered":"<p>Nie tylkoprodukty Mo\u017cemy nie tylko dostarcza\u0107 towary, ale tak\u017ce \u015bwiadczy\u0107 us\u0142ugi! Nasza og\u00f3lno\u015bwiatowa sie\u0107 obejmuje relacje z producentami, dystrybutorami franczyzowymi i niezale\u017cnymi dystrybutorami.\u00a0 Posiadamy du\u017ce portfolio<span class=\"excerpt-hellip\"> [\u2026]<\/span><\/p>\n","protected":false},"author":1,"featured_media":0,"parent":0,"menu_order":0,"comment_status":"open","ping_status":"closed","template":"","meta":{"footnotes":""},"class_list":["post-76","page","type-page","status-publish","hentry"],"_links":{"self":[{"href":"https:\/\/hzd.biz\/pl\/wp-json\/wp\/v2\/pages\/76","targetHints":{"allow":["GET"]}}],"collection":[{"href":"https:\/\/hzd.biz\/pl\/wp-json\/wp\/v2\/pages"}],"about":[{"href":"https:\/\/hzd.biz\/pl\/wp-json\/wp\/v2\/types\/page"}],"author":[{"embeddable":true,"href":"https:\/\/hzd.biz\/pl\/wp-json\/wp\/v2\/users\/1"}],"replies":[{"embeddable":true,"href":"https:\/\/hzd.biz\/pl\/wp-json\/wp\/v2\/comments?post=76"}],"version-history":[{"count":25,"href":"https:\/\/hzd.biz\/pl\/wp-json\/wp\/v2\/pages\/76\/revisions"}],"predecessor-version":[{"id":692,"href":"https:\/\/hzd.biz\/pl\/wp-json\/wp\/v2\/pages\/76\/revisions\/692"}],"wp:attachment":[{"href":"https:\/\/hzd.biz\/pl\/wp-json\/wp\/v2\/media?parent=76"}],"curies":[{"name":"wp","href":"https:\/\/api.w.org\/{rel}","templated":true}]}}