{"id":735,"date":"2024-03-06T10:18:36","date_gmt":"2024-03-06T09:18:36","guid":{"rendered":"https:\/\/hzd.biz\/?page_id=735"},"modified":"2024-03-06T13:48:14","modified_gmt":"2024-03-06T12:48:14","slug":"o-nas","status":"publish","type":"page","link":"https:\/\/hzd.biz\/pl\/o-nas\/","title":{"rendered":"O nas"},"content":{"rendered":"\t\t<div data-elementor-type=\"wp-page\" data-elementor-id=\"735\" class=\"elementor elementor-735\">\n\t\t\t\t\t\t<section class=\"elementor-section elementor-top-section elementor-element elementor-element-8604d70 elementor-section-stretched elementor-section-boxed elementor-section-height-default elementor-section-height-default\" data-id=\"8604d70\" data-element_type=\"section\" data-settings=\"{&quot;stretch_section&quot;:&quot;section-stretched&quot;,&quot;background_background&quot;:&quot;classic&quot;}\">\n\t\t\t\t\t\t<div class=\"elementor-container elementor-column-gap-default\">\n\t\t\t\t\t<div class=\"elementor-column elementor-col-100 elementor-top-column elementor-element elementor-element-9c0c113\" data-id=\"9c0c113\" data-element_type=\"column\">\n\t\t\t<div class=\"elementor-widget-wrap elementor-element-populated\">\n\t\t\t\t\t\t<section class=\"elementor-section elementor-inner-section elementor-element elementor-element-a0d7b97 elementor-section-boxed elementor-section-height-default elementor-section-height-default\" data-id=\"a0d7b97\" data-element_type=\"section\">\n\t\t\t\t\t\t<div class=\"elementor-container elementor-column-gap-default\">\n\t\t\t\t\t<div class=\"elementor-column elementor-col-33 elementor-inner-column elementor-element elementor-element-d82f7fc\" data-id=\"d82f7fc\" data-element_type=\"column\">\n\t\t\t<div class=\"elementor-widget-wrap\">\n\t\t\t\t\t\t\t<\/div>\n\t\t<\/div>\n\t\t\t\t<div class=\"elementor-column elementor-col-33 elementor-inner-column elementor-element elementor-element-ea84932\" data-id=\"ea84932\" data-element_type=\"column\">\n\t\t\t<div class=\"elementor-widget-wrap elementor-element-populated\">\n\t\t\t\t\t\t<div class=\"elementor-element elementor-element-82f0276 elementor-widget elementor-widget-text-editor\" data-id=\"82f0276\" data-element_type=\"widget\" data-widget_type=\"text-editor.default\">\n\t\t\t\t<div class=\"elementor-widget-container\">\n\t\t\t<style>\/*! elementor - v3.19.0 - 28-02-2024 *\/\n.elementor-widget-text-editor.elementor-drop-cap-view-stacked .elementor-drop-cap{background-color:#69727d;color:#fff}.elementor-widget-text-editor.elementor-drop-cap-view-framed .elementor-drop-cap{color:#69727d;border:3px solid;background-color:transparent}.elementor-widget-text-editor:not(.elementor-drop-cap-view-default) .elementor-drop-cap{margin-top:8px}.elementor-widget-text-editor:not(.elementor-drop-cap-view-default) .elementor-drop-cap-letter{width:1em;height:1em}.elementor-widget-text-editor .elementor-drop-cap{float:left;text-align:center;line-height:1;font-size:50px}.elementor-widget-text-editor .elementor-drop-cap-letter{display:inline-block}<\/style>\t\t\t\t<h1><span style=\"color: #f5dddd;\">Nasz team<\/span><\/h1>\n<h3><span style=\"color: #f5dddd;\">I KLUCZOWE OSOBY<\/span><\/h3> \t\t\t\t\t\t<\/div>\n\t\t\t\t<\/div>\n\t\t\t\t\t<\/div>\n\t\t<\/div>\n\t\t\t\t<div class=\"elementor-column elementor-col-33 elementor-inner-column elementor-element elementor-element-30f5a79\" data-id=\"30f5a79\" data-element_type=\"column\">\n\t\t\t<div class=\"elementor-widget-wrap\">\n\t\t\t\t\t\t\t<\/div>\n\t\t<\/div>\n\t\t\t\t\t<\/div>\n\t\t<\/section>\n\t\t\t\t<section class=\"elementor-section elementor-inner-section elementor-element elementor-element-48d4f4c elementor-section-content-middle elementor-section-boxed elementor-section-height-default elementor-section-height-default\" data-id=\"48d4f4c\" data-element_type=\"section\">\n\t\t\t\t\t\t<div class=\"elementor-container elementor-column-gap-default\">\n\t\t\t\t\t<div class=\"elementor-column elementor-col-50 elementor-inner-column elementor-element elementor-element-9c7ccc5 elementor-invisible\" data-id=\"9c7ccc5\" data-element_type=\"column\" data-settings=\"{&quot;animation&quot;:&quot;fadeInLeft&quot;}\">\n\t\t\t<div class=\"elementor-widget-wrap elementor-element-populated\">\n\t\t\t\t\t\t<div class=\"elementor-element elementor-element-44bc56e elementor-widget elementor-widget-image\" data-id=\"44bc56e\" data-element_type=\"widget\" data-widget_type=\"image.default\">\n\t\t\t\t<div class=\"elementor-widget-container\">\n\t\t\t<style>\/*! elementor - v3.19.0 - 28-02-2024 *\/\n.elementor-widget-image{text-align:center}.elementor-widget-image a{display:inline-block}.elementor-widget-image a img[src$=\".svg\"]{width:48px}.elementor-widget-image img{vertical-align:middle;display:inline-block}<\/style>\t\t\t\t\t\t\t\t\t\t<img decoding=\"async\" src=\"https:\/\/hzd.biz\/wp-content\/uploads\/elementor\/thumbs\/foto-damian-wolejko-qkt0m0wl3s1mrecvl8msub1nw2u8og8bu6fh11roi8.png\" title=\"Damian Wolejko\" alt=\"Damian Wolejko\" loading=\"lazy\" \/>\t\t\t\t\t\t\t\t\t\t\t\t\t<\/div>\n\t\t\t\t<\/div>\n\t\t\t\t\t<\/div>\n\t\t<\/div>\n\t\t\t\t<div class=\"elementor-column elementor-col-50 elementor-inner-column elementor-element elementor-element-7f40df5 elementor-invisible\" data-id=\"7f40df5\" data-element_type=\"column\" data-settings=\"{&quot;animation&quot;:&quot;fadeInRight&quot;}\">\n\t\t\t<div class=\"elementor-widget-wrap elementor-element-populated\">\n\t\t\t\t\t\t<div class=\"elementor-element elementor-element-82170a6 elementor-widget elementor-widget-text-editor\" data-id=\"82170a6\" data-element_type=\"widget\" data-widget_type=\"text-editor.default\">\n\t\t\t\t<div class=\"elementor-widget-container\">\n\t\t\t\t\t\t\t<h5><span style=\"color: #ffffff;\">Damian Wolejko<\/span><\/h5>\n<span style=\"color: #ffffff;\">Purchasing &amp; Sales Management<\/span>\t\t\t\t\t\t<\/div>\n\t\t\t\t<\/div>\n\t\t\t\t<div class=\"elementor-element elementor-element-f34f514 elementor-widget elementor-widget-text-editor\" data-id=\"f34f514\" data-element_type=\"widget\" data-widget_type=\"text-editor.default\">\n\t\t\t\t<div class=\"elementor-widget-container\">\n\t\t\t\t\t\t\t<span style=\"color: #ffffff;\">Damian pracuje od ponad dziesi\u0119ciu lat w Elektronice i posiada g\u0142\u0119bokie do\u015bwiadczenie techniczne, kt\u00f3re pozwala rozwi\u0105zywa\u0107 wiele zagadnie\u0144 dla naszych klient\u00f3w. Jego wieloletnie do\u015bwiadczenie i kontakty zakupowe pozwalaj\u0105 na identyfikacj\u0119 najlepszych \u017ar\u00f3de\u0142 zakupowych, kt\u00f3re akurat w czasach brak\u00f3w elektroniki s\u0105 kluczowym atutem naszej firmy. Damian obs\u0142uguje klient\u00f3w w j\u0119zyku Niemieckim, Angielskim oraz oczywi\u015bcie Polskim.<\/span>\t\t\t\t\t\t<\/div>\n\t\t\t\t<\/div>\n\t\t\t\t\t<\/div>\n\t\t<\/div>\n\t\t\t\t\t<\/div>\n\t\t<\/section>\n\t\t\t\t<section class=\"elementor-section elementor-inner-section elementor-element elementor-element-83df581 elementor-section-content-middle elementor-section-boxed elementor-section-height-default elementor-section-height-default\" data-id=\"83df581\" data-element_type=\"section\">\n\t\t\t\t\t\t<div class=\"elementor-container elementor-column-gap-default\">\n\t\t\t\t\t<div class=\"elementor-column elementor-col-50 elementor-inner-column elementor-element elementor-element-02b3279 elementor-invisible\" data-id=\"02b3279\" data-element_type=\"column\" data-settings=\"{&quot;animation&quot;:&quot;fadeInLeft&quot;}\">\n\t\t\t<div class=\"elementor-widget-wrap elementor-element-populated\">\n\t\t\t\t\t\t<div class=\"elementor-element elementor-element-76367b8 elementor-widget elementor-widget-image\" data-id=\"76367b8\" data-element_type=\"widget\" data-widget_type=\"image.default\">\n\t\t\t\t<div class=\"elementor-widget-container\">\n\t\t\t\t\t\t\t\t\t\t\t\t\t<img decoding=\"async\" src=\"https:\/\/hzd.biz\/wp-content\/uploads\/elementor\/thumbs\/foto-marcelina-piechowiak-qkt0m1ufam2x30bifr1fest4hgplw5c26b2yibqac0.png\" title=\"foto-marcelina-piechowiak\" alt=\"foto-marcelina-piechowiak\" loading=\"lazy\" \/>\t\t\t\t\t\t\t\t\t\t\t\t\t<\/div>\n\t\t\t\t<\/div>\n\t\t\t\t\t<\/div>\n\t\t<\/div>\n\t\t\t\t<div class=\"elementor-column elementor-col-50 elementor-inner-column elementor-element elementor-element-e8c0104 elementor-invisible\" data-id=\"e8c0104\" data-element_type=\"column\" data-settings=\"{&quot;animation&quot;:&quot;fadeInRight&quot;}\">\n\t\t\t<div class=\"elementor-widget-wrap elementor-element-populated\">\n\t\t\t\t\t\t<div class=\"elementor-element elementor-element-0d8e6e5 elementor-widget elementor-widget-text-editor\" data-id=\"0d8e6e5\" data-element_type=\"widget\" data-widget_type=\"text-editor.default\">\n\t\t\t\t<div class=\"elementor-widget-container\">\n\t\t\t\t\t\t\t<h5><span style=\"color: #ffffff;\">Marcelina Piechowiak\n<\/span><\/h5>\n<span style=\"color: #ffffff;\">Business Development<\/span>\t\t\t\t\t\t<\/div>\n\t\t\t\t<\/div>\n\t\t\t\t<div class=\"elementor-element elementor-element-6199530 elementor-widget elementor-widget-text-editor\" data-id=\"6199530\" data-element_type=\"widget\" data-widget_type=\"text-editor.default\">\n\t\t\t\t<div class=\"elementor-widget-container\">\n\t\t\t\t\t\t\t<span style=\"color: #ffffff;\">\nMarcelina do\u0142\u0105czy\u0142a do naszego zespo\u0142u z wieloletnim do\u015bwiadczeniem zakupowym i sprzeda\u017cowym z bran\u017cy Automotive, gdzie obs\u0142ugiwa\u0142a wielu klient\u00f3w TIER1 oraz OEM. Jako Mened\u017cer ds. obs\u0142ugi klient\u00f3w kluczowych oraz rozwoju biznesu, zawsze dba\u0142a o systemowe i jako\u015bciowe podej\u015bcie do klienta. Tym bardziej odpowiada za wdro\u017cenie standard\u00f3w jako\u015bciowych oraz procedur, aby budowa\u0107 nie tylko znakomite relacje z klientami na poziomie osobistym, ale tak\u017ce wed\u0142ug odpowiednich standard\u00f3w i procedur.<\/span>\t\t\t\t\t\t<\/div>\n\t\t\t\t<\/div>\n\t\t\t\t\t<\/div>\n\t\t<\/div>\n\t\t\t\t\t<\/div>\n\t\t<\/section>\n\t\t\t\t<section class=\"elementor-section elementor-inner-section elementor-element elementor-element-6db126b elementor-section-content-middle elementor-section-boxed elementor-section-height-default elementor-section-height-default\" data-id=\"6db126b\" data-element_type=\"section\">\n\t\t\t\t\t\t<div class=\"elementor-container elementor-column-gap-default\">\n\t\t\t\t\t<div class=\"elementor-column elementor-col-50 elementor-inner-column elementor-element elementor-element-5aa6a8c elementor-invisible\" data-id=\"5aa6a8c\" data-element_type=\"column\" data-settings=\"{&quot;animation&quot;:&quot;fadeInLeft&quot;}\">\n\t\t\t<div class=\"elementor-widget-wrap elementor-element-populated\">\n\t\t\t\t\t\t<div class=\"elementor-element elementor-element-5011eae elementor-widget elementor-widget-image\" data-id=\"5011eae\" data-element_type=\"widget\" data-widget_type=\"image.default\">\n\t\t\t\t<div class=\"elementor-widget-container\">\n\t\t\t\t\t\t\t\t\t\t\t\t\t<img decoding=\"async\" src=\"https:\/\/hzd.biz\/wp-content\/uploads\/elementor\/thumbs\/foto-jacek-sobek-qkt0lzyqwy0cfse8qq869ta7aoyvgr4li1rzjrt2og.png\" title=\"foto-jacek-sobek\" alt=\"foto-jacek-sobek\" loading=\"lazy\" \/>\t\t\t\t\t\t\t\t\t\t\t\t\t<\/div>\n\t\t\t\t<\/div>\n\t\t\t\t\t<\/div>\n\t\t<\/div>\n\t\t\t\t<div class=\"elementor-column elementor-col-50 elementor-inner-column elementor-element elementor-element-c276fab elementor-invisible\" data-id=\"c276fab\" data-element_type=\"column\" data-settings=\"{&quot;animation&quot;:&quot;fadeInRight&quot;}\">\n\t\t\t<div class=\"elementor-widget-wrap elementor-element-populated\">\n\t\t\t\t\t\t<div class=\"elementor-element elementor-element-4543c48 elementor-widget elementor-widget-text-editor\" data-id=\"4543c48\" data-element_type=\"widget\" data-widget_type=\"text-editor.default\">\n\t\t\t\t<div class=\"elementor-widget-container\">\n\t\t\t\t\t\t\t<h5><span style=\"color: #ffffff;\">Jacek Sobek\n<\/span><\/h5>\n<span style=\"color: #ffffff;\"> Managing Director<\/span>\t\t\t\t\t\t<\/div>\n\t\t\t\t<\/div>\n\t\t\t\t<div class=\"elementor-element elementor-element-86a2c80 elementor-widget elementor-widget-text-editor\" data-id=\"86a2c80\" data-element_type=\"widget\" data-widget_type=\"text-editor.default\">\n\t\t\t\t<div class=\"elementor-widget-container\">\n\t\t\t\t\t\t\t<span style=\"color: #ffffff;\">Jacek jest \u017ar\u00f3d\u0142em DNA firmy HZD oraz jej za\u0142o\u017cycielem. Prawie 40 lat do\u015bwiadczenia i jego globalne kontakty nie tylko pozwoli\u0142y przetrwa\u0107 wiele r\u00f3\u017cnych cykli bran\u017cowych, ale dodatkowo daj\u0105 nam pozycj\u0119 eksperta, kt\u00f3ra jest ci\u0119\u017cko do zast\u0105pienia. W gronie naszych klient\u00f3w znajduj\u0105 si\u0119 tak\u017ce firmy, kt\u00f3re od pocz\u0105tku s\u0105 z nami i tym bardziej doceniaj\u0105 nasze kontakty i podej\u015bcie. Jacek jako szef przenosi ten know-how na sw\u00f3j zesp\u00f3\u0142 i zawsze jest razem z nami dla swoich klient\u00f3w, je\u017celi sytuacja tego wymaga.<\/span>\t\t\t\t\t\t<\/div>\n\t\t\t\t<\/div>\n\t\t\t\t\t<\/div>\n\t\t<\/div>\n\t\t\t\t\t<\/div>\n\t\t<\/section>\n\t\t\t\t\t<\/div>\n\t\t<\/div>\n\t\t\t\t\t<\/div>\n\t\t<\/section>\n\t\t\t\t<\/div>\n\t\t","protected":false},"excerpt":{"rendered":"<p>Nasz team I KLUCZOWE OSOBY Damian Wolejko Purchasing &amp; Sales ManagementDamian pracuje od ponad dziesi\u0119ciu lat w Elektronice i posiada g\u0142\u0119bokie do\u015bwiadczenie techniczne, kt\u00f3re pozwala rozwi\u0105zywa\u0107<span class=\"excerpt-hellip\"> [\u2026]<\/span><\/p>\n","protected":false},"author":1,"featured_media":0,"parent":0,"menu_order":0,"comment_status":"open","ping_status":"closed","template":"","meta":{"footnotes":""},"class_list":["post-735","page","type-page","status-publish","hentry"],"_links":{"self":[{"href":"https:\/\/hzd.biz\/pl\/wp-json\/wp\/v2\/pages\/735","targetHints":{"allow":["GET"]}}],"collection":[{"href":"https:\/\/hzd.biz\/pl\/wp-json\/wp\/v2\/pages"}],"about":[{"href":"https:\/\/hzd.biz\/pl\/wp-json\/wp\/v2\/types\/page"}],"author":[{"embeddable":true,"href":"https:\/\/hzd.biz\/pl\/wp-json\/wp\/v2\/users\/1"}],"replies":[{"embeddable":true,"href":"https:\/\/hzd.biz\/pl\/wp-json\/wp\/v2\/comments?post=735"}],"version-history":[{"count":7,"href":"https:\/\/hzd.biz\/pl\/wp-json\/wp\/v2\/pages\/735\/revisions"}],"predecessor-version":[{"id":750,"href":"https:\/\/hzd.biz\/pl\/wp-json\/wp\/v2\/pages\/735\/revisions\/750"}],"wp:attachment":[{"href":"https:\/\/hzd.biz\/pl\/wp-json\/wp\/v2\/media?parent=735"}],"curies":[{"name":"wp","href":"https:\/\/api.w.org\/{rel}","templated":true}]}}