{"id":659,"date":"2024-03-01T13:13:09","date_gmt":"2024-03-01T12:13:09","guid":{"rendered":"https:\/\/hzd.biz\/?page_id=659"},"modified":"2024-03-01T14:43:23","modified_gmt":"2024-03-01T13:43:23","slug":"jakosc","status":"publish","type":"page","link":"https:\/\/hzd.biz\/pl\/jakosc\/","title":{"rendered":"Jako\u015b\u0107"},"content":{"rendered":"\t\t<div data-elementor-type=\"wp-page\" data-elementor-id=\"659\" class=\"elementor elementor-659\">\n\t\t\t\t\t\t<section class=\"elementor-section elementor-top-section elementor-element elementor-element-144a026 elementor-section-height-full elementor-section-stretched elementor-section-boxed elementor-section-height-default elementor-section-items-middle\" data-id=\"144a026\" data-element_type=\"section\" data-settings=\"{&quot;stretch_section&quot;:&quot;section-stretched&quot;,&quot;background_background&quot;:&quot;video&quot;,&quot;background_video_link&quot;:&quot;https:\\\/\\\/hzd.biz\\\/wp-content\\\/uploads\\\/2024\\\/03\\\/quality-hzd.mp4&quot;,&quot;background_play_on_mobile&quot;:&quot;yes&quot;}\">\n\t\t\t\t\t\t\t\t<div class=\"elementor-background-video-container\">\n\t\t\t\t\t\t\t\t\t\t\t\t\t<video class=\"elementor-background-video-hosted elementor-html5-video\" autoplay muted playsinline loop><\/video>\n\t\t\t\t\t\t\t\t\t\t\t<\/div>\n\t\t\t\t\t\t\t\t\t<div class=\"elementor-background-overlay\"><\/div>\n\t\t\t\t\t\t\t<div class=\"elementor-container elementor-column-gap-wider\">\n\t\t\t\t\t<div class=\"elementor-column elementor-col-100 elementor-top-column elementor-element elementor-element-0d6cd59\" data-id=\"0d6cd59\" data-element_type=\"column\">\n\t\t\t<div class=\"elementor-widget-wrap elementor-element-populated\">\n\t\t\t\t\t\t<div class=\"elementor-element elementor-element-ab89d22 elementor-widget elementor-widget-text-editor\" data-id=\"ab89d22\" data-element_type=\"widget\" data-widget_type=\"text-editor.default\">\n\t\t\t\t<div class=\"elementor-widget-container\">\n\t\t\t<style>\/*! elementor - v3.19.0 - 28-02-2024 *\/\n.elementor-widget-text-editor.elementor-drop-cap-view-stacked .elementor-drop-cap{background-color:#69727d;color:#fff}.elementor-widget-text-editor.elementor-drop-cap-view-framed .elementor-drop-cap{color:#69727d;border:3px solid;background-color:transparent}.elementor-widget-text-editor:not(.elementor-drop-cap-view-default) .elementor-drop-cap{margin-top:8px}.elementor-widget-text-editor:not(.elementor-drop-cap-view-default) .elementor-drop-cap-letter{width:1em;height:1em}.elementor-widget-text-editor .elementor-drop-cap{float:left;text-align:center;line-height:1;font-size:50px}.elementor-widget-text-editor .elementor-drop-cap-letter{display:inline-block}<\/style>\t\t\t\t<h1 style=\"color: #f5dddd;\">Jako\u015b\u0107 to podstawa<\/h1>\t\t\t\t\t\t<\/div>\n\t\t\t\t<\/div>\n\t\t\t\t\t<\/div>\n\t\t<\/div>\n\t\t\t\t\t<\/div>\n\t\t<\/section>\n\t\t\t\t<section class=\"elementor-section elementor-top-section elementor-element elementor-element-6398f27 elementor-section-stretched elementor-section-boxed elementor-section-height-default elementor-section-height-default\" data-id=\"6398f27\" data-element_type=\"section\" data-settings=\"{&quot;stretch_section&quot;:&quot;section-stretched&quot;}\">\n\t\t\t\t\t\t<div class=\"elementor-container elementor-column-gap-wider\">\n\t\t\t\t\t<div class=\"elementor-column elementor-col-50 elementor-top-column elementor-element elementor-element-2f968cc\" data-id=\"2f968cc\" data-element_type=\"column\">\n\t\t\t<div class=\"elementor-widget-wrap elementor-element-populated\">\n\t\t\t\t\t\t<div class=\"elementor-element elementor-element-6c86364 elementor-widget elementor-widget-image\" data-id=\"6c86364\" data-element_type=\"widget\" data-widget_type=\"image.default\">\n\t\t\t\t<div class=\"elementor-widget-container\">\n\t\t\t<style>\/*! elementor - v3.19.0 - 28-02-2024 *\/\n.elementor-widget-image{text-align:center}.elementor-widget-image a{display:inline-block}.elementor-widget-image a img[src$=\".svg\"]{width:48px}.elementor-widget-image img{vertical-align:middle;display:inline-block}<\/style>\t\t\t\t\t\t\t\t\t\t\t<a href=\"https:\/\/hzd.biz\/wp-content\/uploads\/2024\/03\/HZD-GmbH-QM-IMC-Zert-englisch.pdf\" target=\"_blank\">\n\t\t\t\t\t\t\t<img fetchpriority=\"high\" decoding=\"async\" width=\"831\" height=\"1200\" src=\"https:\/\/hzd.biz\/wp-content\/uploads\/2024\/03\/certyfikat-831x1200.webp\" class=\"attachment-large size-large wp-image-663\" alt=\"\" srcset=\"https:\/\/hzd.biz\/wp-content\/uploads\/2024\/03\/certyfikat-831x1200.webp 831w, https:\/\/hzd.biz\/wp-content\/uploads\/2024\/03\/certyfikat-346x500.webp 346w, https:\/\/hzd.biz\/wp-content\/uploads\/2024\/03\/certyfikat-208x300.webp 208w, https:\/\/hzd.biz\/wp-content\/uploads\/2024\/03\/certyfikat-768x1109.webp 768w, https:\/\/hzd.biz\/wp-content\/uploads\/2024\/03\/certyfikat-1063x1536.webp 1063w, https:\/\/hzd.biz\/wp-content\/uploads\/2024\/03\/certyfikat-1418x2048.webp 1418w, https:\/\/hzd.biz\/wp-content\/uploads\/2024\/03\/certyfikat-52x75.webp 52w, https:\/\/hzd.biz\/wp-content\/uploads\/2024\/03\/certyfikat-480x693.webp 480w, https:\/\/hzd.biz\/wp-content\/uploads\/2024\/03\/certyfikat-scaled.webp 1772w\" sizes=\"(max-width:767px) 480px, (max-width:831px) 100vw, 831px\" \/>\t\t\t\t\t\t\t\t<\/a>\n\t\t\t\t\t\t\t\t\t\t\t\t\t<\/div>\n\t\t\t\t<\/div>\n\t\t\t\t\t<\/div>\n\t\t<\/div>\n\t\t\t\t<div class=\"elementor-column elementor-col-50 elementor-top-column elementor-element elementor-element-19f3f0c\" data-id=\"19f3f0c\" data-element_type=\"column\">\n\t\t\t<div class=\"elementor-widget-wrap elementor-element-populated\">\n\t\t\t\t\t\t<div class=\"elementor-element elementor-element-210f58b elementor-invisible elementor-widget elementor-widget-text-editor\" data-id=\"210f58b\" data-element_type=\"widget\" data-settings=\"{&quot;_animation&quot;:&quot;fadeInDown&quot;}\" data-widget_type=\"text-editor.default\">\n\t\t\t\t<div class=\"elementor-widget-container\">\n\t\t\t\t\t\t\t<h2>Dostarczamy jako\u015b\u0107 nie tylko<br \/>w produktach, ale r\u00f3wnie\u017c<br \/>w procesach.<\/h2>\t\t\t\t\t\t<\/div>\n\t\t\t\t<\/div>\n\t\t\t\t<div class=\"elementor-element elementor-element-0299785 elementor-invisible elementor-widget elementor-widget-text-editor\" data-id=\"0299785\" data-element_type=\"widget\" data-settings=\"{&quot;_animation&quot;:&quot;fadeIn&quot;}\" data-widget_type=\"text-editor.default\">\n\t\t\t\t<div class=\"elementor-widget-container\">\n\t\t\t\t\t\t\t<p>Podstaw\u0105 opartego na zaufaniu i wsp\u00f3\u0142pracy partnerstwa z naszymi klientami jest dla nas certyfikacja. Od lat dzia\u0142amy i dostarczamy wg wymaga\u0144 ISO 9001, a dzi\u0119ki regularnym audytom wewn\u0119trznym i zewn\u0119trznym zapewniamy, \u017ce stale uczymy si\u0119 ulepsza\u0107 nasze przep\u0142ywy pracy i procesy z korzy\u015bci\u0105 dla naszych klient\u00f3w i dostawc\u00f3w.\u00a0<\/p>\t\t\t\t\t\t<\/div>\n\t\t\t\t<\/div>\n\t\t\t\t<div class=\"elementor-element elementor-element-5ff8aab elementor-invisible elementor-widget elementor-widget-text-editor\" data-id=\"5ff8aab\" data-element_type=\"widget\" data-settings=\"{&quot;_animation&quot;:&quot;fadeIn&quot;}\" data-widget_type=\"text-editor.default\">\n\t\t\t\t<div class=\"elementor-widget-container\">\n\t\t\t\t\t\t\t<p>Od samego pocz\u0105tku nasz\u0105 misj\u0105 jest wprowadzanie innowacji i dostarczanie naszym klientom najlepszych komponent\u00f3w elektronicznych, aby realizowa\u0107 ich wizje. Jako\u015b\u0107 jest podstaw\u0105 wszystkiego, co robimy, i dok\u0142adamy wszelkich stara\u0144, aby zawsze oferowa\u0107 najlepsze komponenty na rynku.\u00a0<\/p>\t\t\t\t\t\t<\/div>\n\t\t\t\t<\/div>\n\t\t\t\t<div class=\"elementor-element elementor-element-e5b2cde elementor-invisible elementor-widget elementor-widget-text-editor\" data-id=\"e5b2cde\" data-element_type=\"widget\" data-settings=\"{&quot;_animation&quot;:&quot;fadeIn&quot;}\" data-widget_type=\"text-editor.default\">\n\t\t\t\t<div class=\"elementor-widget-container\">\n\t\t\t\t\t\t\t<p>Zgodnie z naszym zobowi\u0105zaniem do przestrzegania najwy\u017cszych standard\u00f3w jako\u015bci i ci\u0105g\u0142ego doskonalenia, HZD GmbH opracowuje obecnie kolejne wa\u017cne certyfikaty. Nale\u017c\u0105 do nich certyfikacja ISO 14001 oraz wsp\u00f3\u0142pracuj\u0105c z klientami z bran\u017cy Automotive, przestrzeganie i opieranie si\u0119 na normach IATF 16949 &#8211; poniewa\u017c nasza wsp\u00f3lna przysz\u0142o\u015b\u0107 i \u015brodowisko s\u0105 nam bardzo wa\u017cne!<\/p>\t\t\t\t\t\t<\/div>\n\t\t\t\t<\/div>\n\t\t\t\t\t<\/div>\n\t\t<\/div>\n\t\t\t\t\t<\/div>\n\t\t<\/section>\n\t\t\t\t<section class=\"elementor-section elementor-top-section elementor-element elementor-element-75986ec elementor-section-stretched elementor-section-boxed elementor-section-height-default elementor-section-height-default\" data-id=\"75986ec\" data-element_type=\"section\" data-settings=\"{&quot;stretch_section&quot;:&quot;section-stretched&quot;}\">\n\t\t\t\t\t\t<div class=\"elementor-container elementor-column-gap-wider\">\n\t\t\t\t\t<div class=\"elementor-column elementor-col-50 elementor-top-column elementor-element elementor-element-ae81e3d\" data-id=\"ae81e3d\" data-element_type=\"column\">\n\t\t\t<div class=\"elementor-widget-wrap elementor-element-populated\">\n\t\t\t\t\t\t<div class=\"elementor-element elementor-element-5ce65ae elementor-widget elementor-widget-image\" data-id=\"5ce65ae\" data-element_type=\"widget\" data-widget_type=\"image.default\">\n\t\t\t\t<div class=\"elementor-widget-container\">\n\t\t\t\t\t\t\t\t\t\t\t\t\t<img decoding=\"async\" width=\"163\" height=\"230\" src=\"https:\/\/hzd.biz\/wp-content\/uploads\/2020\/10\/media2-pic3.png\" class=\"attachment-large size-large wp-image-58\" alt=\"\" srcset=\"https:\/\/hzd.biz\/wp-content\/uploads\/2020\/10\/media2-pic3.png 163w, https:\/\/hzd.biz\/wp-content\/uploads\/2020\/10\/media2-pic3-53x75.png 53w\" sizes=\"(max-width:767px) 163px, 163px\" \/>\t\t\t\t\t\t\t\t\t\t\t\t\t<\/div>\n\t\t\t\t<\/div>\n\t\t\t\t\t<\/div>\n\t\t<\/div>\n\t\t\t\t<div class=\"elementor-column elementor-col-50 elementor-top-column elementor-element elementor-element-8f328d8\" data-id=\"8f328d8\" data-element_type=\"column\">\n\t\t\t<div class=\"elementor-widget-wrap elementor-element-populated\">\n\t\t\t\t\t\t<div class=\"elementor-element elementor-element-8d84277 elementor-widget elementor-widget-text-editor\" data-id=\"8d84277\" data-element_type=\"widget\" data-widget_type=\"text-editor.default\">\n\t\t\t\t<div class=\"elementor-widget-container\">\n\t\t\t\t\t\t\t<h4>Jeste\u015b zainteresowany<br \/>wsp\u00f3\u0142prac\u0105 z nami?<\/h4>\t\t\t\t\t\t<\/div>\n\t\t\t\t<\/div>\n\t\t\t\t<section class=\"elementor-section elementor-inner-section elementor-element elementor-element-8a06ff1 elementor-section-boxed elementor-section-height-default elementor-section-height-default\" data-id=\"8a06ff1\" data-element_type=\"section\">\n\t\t\t\t\t\t<div class=\"elementor-container elementor-column-gap-default\">\n\t\t\t\t\t<div class=\"elementor-column elementor-col-100 elementor-inner-column elementor-element elementor-element-41c0b83\" data-id=\"41c0b83\" data-element_type=\"column\">\n\t\t\t<div class=\"elementor-widget-wrap elementor-element-populated\">\n\t\t\t\t\t\t<div class=\"elementor-element elementor-element-6984bb6 elementor-align-left elementor-widget elementor-widget-button\" data-id=\"6984bb6\" data-element_type=\"widget\" data-widget_type=\"button.default\">\n\t\t\t\t<div class=\"elementor-widget-container\">\n\t\t\t\t\t<div class=\"elementor-button-wrapper\">\n\t\t\t<a class=\"elementor-button elementor-button-link elementor-size-sm\" href=\"https:\/\/hzd.biz\/kontakt\">\n\t\t\t\t\t\t<span class=\"elementor-button-content-wrapper\">\n\t\t\t\t\t\t<span class=\"elementor-button-text\">SKONTAKTUJ SI\u0118<\/span>\n\t\t<\/span>\n\t\t\t\t\t<\/a>\n\t\t<\/div>\n\t\t\t\t<\/div>\n\t\t\t\t<\/div>\n\t\t\t\t\t<\/div>\n\t\t<\/div>\n\t\t\t\t\t<\/div>\n\t\t<\/section>\n\t\t\t\t\t<\/div>\n\t\t<\/div>\n\t\t\t\t\t<\/div>\n\t\t<\/section>\n\t\t\t\t<\/div>\n\t\t","protected":false},"excerpt":{"rendered":"<p>Jako\u015b\u0107 to podstawa Dostarczamy jako\u015b\u0107 nie tylkow produktach, ale r\u00f3wnie\u017cw procesach. Podstaw\u0105 opartego na zaufaniu i wsp\u00f3\u0142pracy partnerstwa z naszymi klientami jest dla nas certyfikacja. Od<span class=\"excerpt-hellip\"> [\u2026]<\/span><\/p>\n","protected":false},"author":1,"featured_media":0,"parent":0,"menu_order":0,"comment_status":"open","ping_status":"closed","template":"","meta":{"footnotes":""},"class_list":["post-659","page","type-page","status-publish","hentry"],"_links":{"self":[{"href":"https:\/\/hzd.biz\/pl\/wp-json\/wp\/v2\/pages\/659","targetHints":{"allow":["GET"]}}],"collection":[{"href":"https:\/\/hzd.biz\/pl\/wp-json\/wp\/v2\/pages"}],"about":[{"href":"https:\/\/hzd.biz\/pl\/wp-json\/wp\/v2\/types\/page"}],"author":[{"embeddable":true,"href":"https:\/\/hzd.biz\/pl\/wp-json\/wp\/v2\/users\/1"}],"replies":[{"embeddable":true,"href":"https:\/\/hzd.biz\/pl\/wp-json\/wp\/v2\/comments?post=659"}],"version-history":[{"count":19,"href":"https:\/\/hzd.biz\/pl\/wp-json\/wp\/v2\/pages\/659\/revisions"}],"predecessor-version":[{"id":698,"href":"https:\/\/hzd.biz\/pl\/wp-json\/wp\/v2\/pages\/659\/revisions\/698"}],"wp:attachment":[{"href":"https:\/\/hzd.biz\/pl\/wp-json\/wp\/v2\/media?parent=659"}],"curies":[{"name":"wp","href":"https:\/\/api.w.org\/{rel}","templated":true}]}}